{"id":376,"date":"2025-12-14T21:19:20","date_gmt":"2025-12-14T21:19:20","guid":{"rendered":"https:\/\/sanjuanpabloii.archimadrid.es\/?page_id=376"},"modified":"2026-02-14T15:08:40","modified_gmt":"2026-02-14T14:08:40","slug":"shop-2","status":"publish","type":"page","link":"https:\/\/sanjuanpabloii.archimadrid.es\/?page_id=376","title":{"rendered":"Donativos y Colaboraciones"},"content":{"rendered":"<p>[et_pb_section fb_built=\u00bb1&#8243; admin_label=\u00bbShop\u00bb _builder_version=\u00bb4.27.5&#8243; _module_preset=\u00bbdefault\u00bb background_color=\u00bb#CCE3FF\u00bb collapsed=\u00bbon\u00bb global_colors_info=\u00bb{}\u00bb][et_pb_row _builder_version=\u00bb4.27.5&#8243; _module_preset=\u00bbdefault\u00bb global_colors_info=\u00bb{}\u00bb][et_pb_column type=\u00bb4_4&#8243; _builder_version=\u00bb4.27.5&#8243; _module_preset=\u00bbdefault\u00bb global_colors_info=\u00bb{}\u00bb][et_pb_blurb _builder_version=\u00bb4.27.5&#8243; _module_preset=\u00bbdefault\u00bb body_font=\u00bbMontserrat|700|||||||\u00bb body_font_size=\u00bb18px\u00bb custom_padding=\u00bb||13px|||\u00bb global_colors_info=\u00bb{}\u00bb]<\/p>\n<p>Si crees que puedes colaborar en la construcci\u00f3n de un lugar en el barrio donde todos caben, ponte en <a href=\"https:\/\/sanjuanpabloii.archimadrid.es\/?page_id=380\">contacto\u00a0<\/a>con nosotros.<\/p>\n<p>[\/et_pb_blurb][\/et_pb_column][\/et_pb_row][et_pb_row column_structure=\u00bb1_2,1_2&#8243; _builder_version=\u00bb4.27.5&#8243; _module_preset=\u00bbdefault\u00bb global_colors_info=\u00bb{}\u00bb][et_pb_column type=\u00bb1_2&#8243; _builder_version=\u00bb4.27.5&#8243; _module_preset=\u00bbdefault\u00bb global_colors_info=\u00bb{}\u00bb][et_pb_blurb title=\u00bbColabora con tus dones\u00bb _builder_version=\u00bb4.27.5&#8243; _module_preset=\u00bbdefault\u00bb body_font=\u00bbMontserrat||||||||\u00bb global_colors_info=\u00bb{}\u00bb]<\/p>\n<p style=\"text-align: justify;\"><span>Una parroquia en construcci\u00f3n necesita de cimientos y eso son principalmente las personas. Si tienes buenas ideas de c\u00f3mo hacer una parroquia con Cristo en el centro necesitamos de tus dones <a href=\"https:\/\/sanjuanpabloii.archimadrid.es\/?page_id=380\">comentalo aqu\u00ed<\/a> o <a href=\"https:\/\/sanjuanpabloii.archimadrid.es\/?page_id=378\">contacta con nosotros<\/a><\/span><\/p>\n<p>[\/et_pb_blurb][\/et_pb_column][et_pb_column type=\u00bb1_2&#8243; _builder_version=\u00bb4.26.0&#8243; _module_preset=\u00bbdefault\u00bb global_colors_info=\u00bb{}\u00bb][et_pb_blurb title=\u00bbColabora economicamente\u00bb _builder_version=\u00bb4.27.5&#8243; _module_preset=\u00bbdefault\u00bb body_font=\u00bbMontserrat||||||||\u00bb global_colors_info=\u00bb{}\u00bb]<\/p>\n<p style=\"text-align: justify;\"><span>Todos los donativos tienen importantes desgravaciones fiscales<\/span><\/p>\n<ol>\n<li style=\"text-align: justify;\"><span>En el despacho parroquial de nuestra querida parrroquia de San Antonio de las Carcavas.<\/span><br \/><span><\/span><\/li>\n<li style=\"text-align: justify;\"><span>A trav\u00e9s de\u00a0<a href=\"https:\/\/www.donoamiiglesia.es\/san\/Home#!\/donar\/9bc6e7e5-a39f-f011-822b-0050569a32e1\">Dono a mi Iglesia\u200b<\/a> (Preferible hacerlo a trav\u00e9s de cuenta bancaria)<\/span><\/li>\n<li style=\"text-align: justify;\"><span>A trav\u00e9s de la descarga del <a href=\"https:\/\/sanjuanpabloii.archimadrid.es\/wp-content\/uploads\/2025\/12\/Ficha-Suscriptor-SJPII-DICIEMBRE-2025.pdf\">formulario<\/a> y entrega en el despacho parroquial.<\/span><\/li>\n<li style=\"text-align: justify;\"><span><strong>Bizum.<\/strong> Sencillo desde la app de tu banco en la zona Bizum para ONGs poniendo el c\u00f3digo\u00a0<strong>12738.<\/strong><\/span><\/li>\n<\/ol>\n<p>[\/et_pb_blurb][\/et_pb_column][\/et_pb_row][\/et_pb_section]<\/p>\n","protected":false},"excerpt":{"rendered":"<p>Si crees que puedes colaborar en la construcci\u00f3n de un lugar en el barrio donde todos caben, ponte en contacto\u00a0con nosotros.Una parroquia en construcci\u00f3n necesita de cimientos y eso son principalmente las personas. Si tienes buenas ideas de c\u00f3mo hacer una parroquia con Cristo en el centro necesitamos de tus dones comentalo aqu\u00ed o contacta [&hellip;]<\/p>\n","protected":false},"author":1,"featured_media":0,"parent":0,"menu_order":0,"comment_status":"closed","ping_status":"closed","template":"","meta":{"_acf_changed":false,"_et_pb_use_builder":"on","_et_pb_old_content":"","_et_gb_content_width":"","footnotes":""},"class_list":["post-376","page","type-page","status-publish","hentry"],"acf":[],"jetpack_sharing_enabled":true,"_links":{"self":[{"href":"https:\/\/sanjuanpabloii.archimadrid.es\/index.php?rest_route=\/wp\/v2\/pages\/376","targetHints":{"allow":["GET"]}}],"collection":[{"href":"https:\/\/sanjuanpabloii.archimadrid.es\/index.php?rest_route=\/wp\/v2\/pages"}],"about":[{"href":"https:\/\/sanjuanpabloii.archimadrid.es\/index.php?rest_route=\/wp\/v2\/types\/page"}],"author":[{"embeddable":true,"href":"https:\/\/sanjuanpabloii.archimadrid.es\/index.php?rest_route=\/wp\/v2\/users\/1"}],"replies":[{"embeddable":true,"href":"https:\/\/sanjuanpabloii.archimadrid.es\/index.php?rest_route=%2Fwp%2Fv2%2Fcomments&post=376"}],"version-history":[{"count":23,"href":"https:\/\/sanjuanpabloii.archimadrid.es\/index.php?rest_route=\/wp\/v2\/pages\/376\/revisions"}],"predecessor-version":[{"id":981,"href":"https:\/\/sanjuanpabloii.archimadrid.es\/index.php?rest_route=\/wp\/v2\/pages\/376\/revisions\/981"}],"wp:attachment":[{"href":"https:\/\/sanjuanpabloii.archimadrid.es\/index.php?rest_route=%2Fwp%2Fv2%2Fmedia&parent=376"}],"curies":[{"name":"wp","href":"https:\/\/api.w.org\/{rel}","templated":true}]}}