{"id":988,"date":"2026-02-23T11:40:13","date_gmt":"2026-02-23T10:40:13","guid":{"rendered":"https:\/\/sanjuanpabloii.archimadrid.es\/?page_id=988"},"modified":"2026-02-24T08:29:54","modified_gmt":"2026-02-24T07:29:54","slug":"matrimonios","status":"publish","type":"page","link":"https:\/\/sanjuanpabloii.archimadrid.es\/?page_id=988","title":{"rendered":"Matrimonios"},"content":{"rendered":"<p>[et_pb_section fb_built=\u00bb1&#8243; _builder_version=\u00bb4.27.5&#8243; _module_preset=\u00bbdefault\u00bb custom_padding=\u00bb||0px|||\u00bb global_colors_info=\u00bb{}\u00bb][et_pb_row column_structure=\u00bb1_2,1_2&#8243; _builder_version=\u00bb4.27.5&#8243; _module_preset=\u00bbdefault\u00bb custom_margin=\u00bbauto|auto|auto|auto|false|false\u00bb custom_padding=\u00bb||||false|false\u00bb hover_enabled=\u00bb0&#8243; global_colors_info=\u00bb{}\u00bb sticky_enabled=\u00bb0&#8243;][et_pb_column _builder_version=\u00bb4.27.5&#8243; _module_preset=\u00bbdefault\u00bb type=\u00bb1_2&#8243;][et_pb_image src=\u00bbhttps:\/\/sanjuanpabloii.archimadrid.es\/wp-content\/uploads\/2026\/02\/Pagina-Inicio-Matrimonio.png\u00bb title_text=\u00bbPagina Inicio Matrimonio\u00bb _builder_version=\u00bb4.27.5&#8243; _module_preset=\u00bbdefault\u00bb global_colors_info=\u00bb{}\u00bb][\/et_pb_image][\/et_pb_column][et_pb_column type=\u00bb1_2&#8243; _builder_version=\u00bb4.27.5&#8243; _module_preset=\u00bbdefault\u00bb global_colors_info=\u00bb{}\u00bb][et_pb_text _builder_version=\u00bb4.27.5&#8243; _module_preset=\u00bbdefault\u00bb header_2_font=\u00bbMontserrat||||||||\u00bb header_3_font=\u00bbMontserrat||||||||\u00bb header_4_font=\u00bbMontserrat||||||||\u00bb header_5_font=\u00bbMontserrat||||||||\u00bb header_6_font=\u00bbMontserrat||||||||\u00bb custom_margin=\u00bbauto|auto|auto|auto|false|false\u00bb custom_margin_tablet=\u00bb||||false\u00bb custom_margin_phone=\u00bbauto|||auto|false|false\u00bb custom_margin_last_edited=\u00bbon|phone\u00bb custom_padding=\u00bb||||false|false\u00bb hover_enabled=\u00bb0&#8243; global_colors_info=\u00bb{}\u00bb sticky_enabled=\u00bb0&#8243;]<\/p>\n<h2><span style=\"color: #0000ff;\">C\u00f3mo prepararse para el matrimonio: recursos y tr\u00e1mites<\/span><\/h2>\n<div class=\"vc_empty_space\" style=\"text-align: justify;\">El matrimonio es clave en la vida cristiana. Antes de buscar un cursillo prematrimonial es necesario <strong>entrar en <span style=\"color: #0000ff;\"><a href=\"https:\/\/sanjuanpabloii.archimadrid.es\/?page_id=378&amp;et_fb=1&amp;PageSpeed=off\" style=\"color: #0000ff;\">contacto<\/a> <\/span>con la <span style=\"color: #000000;\">parroquia<\/span>,<\/strong> donde se tramitar\u00e1 el <strong>expediente matrimonial. <\/strong>La parroquia que te corresponde para realizar este expediente es la m\u00e1s cercana a la residencia habitual de los dos novios (o uno de ellos). <strong>En\u00a0 la parroquia de San Juan Pablo II<\/strong> se realizan los expedientes matrimoniales de <strong><span style=\"color: #000000;\">personas que viven en el barrio de Valdebebas<\/span><\/strong>.<span style=\"color: #0000ff;\"><a href=\"https:\/\/sanjuanpabloii.archimadrid.es\/wp-content\/uploads\/2026\/02\/Proceso-tramitacion-Expediente-Matrimonial-2026.pdf\" target=\"_blank\" rel=\"noopener noreferrer\" style=\"color: #0000ff;\"><\/a><\/span><\/div>\n<p>[\/et_pb_text][et_pb_text _builder_version=\u00bb4.27.5&#8243; _module_preset=\u00bbdefault\u00bb header_2_font=\u00bbMontserrat||||||||\u00bb header_3_font=\u00bbMontserrat||||||||\u00bb header_4_font=\u00bbMontserrat||||||||\u00bb header_5_font=\u00bbMontserrat||||||||\u00bb header_6_font=\u00bbMontserrat||||||||\u00bb hover_enabled=\u00bb0&#8243; global_colors_info=\u00bb{}\u00bb sticky_enabled=\u00bb0&#8243;]<\/p>\n<div class=\"vc_empty_space\" style=\"text-align: justify;\"><strong>El p\u00e1rroco informar\u00e1<\/strong> a los novios de los <span style=\"color: #0000ff;\"><a href=\"https:\/\/delfam.es\/cursos-prematrimoniales\/\" target=\"_blank\" rel=\"noopener noreferrer\" style=\"color: #0000ff;\">cursos prematrimoniales.<\/a><\/span><\/div>\n<p>[\/et_pb_text][et_pb_text _builder_version=\u00bb4.27.5&#8243; _module_preset=\u00bbdefault\u00bb header_2_font=\u00bbMontserrat||||||||\u00bb header_3_font=\u00bbMontserrat||||||||\u00bb header_4_font=\u00bbMontserrat||||||||\u00bb header_5_font=\u00bbMontserrat||||||||\u00bb header_6_font=\u00bbMontserrat||||||||\u00bb hover_enabled=\u00bb0&#8243; global_colors_info=\u00bb{}\u00bb sticky_enabled=\u00bb0&#8243;]<\/p>\n<div class=\"vc_empty_space\" style=\"text-align: justify;\"><strong>Los documentos necesarios<\/strong> para realizar el expediente y una breve explicaci\u00f3n del proceso se pueden encontrar en el siguiente enlace\u00a0<span style=\"color: #0000ff;\"> <a href=\"https:\/\/sanjuanpabloii.archimadrid.es\/wp-content\/uploads\/2026\/02\/Proceso-tramitacion-Expediente-Matrimonial-2026.pdf\" target=\"_blank\" rel=\"noopener noreferrer\" style=\"color: #0000ff;\">tr\u00e1mites prematrimoniales.<\/a><\/span><\/div>\n<p>[\/et_pb_text][et_pb_text _builder_version=\u00bb4.27.5&#8243; _module_preset=\u00bbdefault\u00bb header_2_font=\u00bbMontserrat||||||||\u00bb header_3_font=\u00bbMontserrat||||||||\u00bb header_4_font=\u00bbMontserrat||||||||\u00bb header_5_font=\u00bbMontserrat||||||||\u00bb header_6_font=\u00bbMontserrat||||||||\u00bb hover_enabled=\u00bb0&#8243; global_colors_info=\u00bb{}\u00bb sticky_enabled=\u00bb0&#8243;]<\/p>\n<div class=\"vc_empty_space\" style=\"text-align: justify;\"><strong>Existen tambi\u00e9n recursos para preparar vuestra boda<\/strong>, para que conozcais la estructura de la ceremonia y los s\u00edmbolos sacramentales, recursos para personalizar vuestra boda, recursos \u00fatiles para la vida matrimonial y el significado de la gracia espec\u00edfica del Sacramento del Matrimonio en el siguiente<span style=\"color: #0000ff;\"> <a href=\"https:\/\/delfam.es\/preparacion-de-tu-boda\/\" style=\"color: #0000ff;\">enlace<\/a><\/span><\/div>\n<p>[\/et_pb_text][\/et_pb_column][\/et_pb_row][\/et_pb_section]<\/p>\n","protected":false},"excerpt":{"rendered":"<p>C\u00f3mo prepararse para el matrimonio: recursos y tr\u00e1mites El matrimonio es clave en la vida cristiana. Antes de buscar un cursillo prematrimonial es necesario entrar en contacto con la parroquia, donde se tramitar\u00e1 el expediente matrimonial. La parroquia que te corresponde para realizar este expediente es la m\u00e1s cercana a la residencia habitual de los [&hellip;]<\/p>\n","protected":false},"author":1,"featured_media":0,"parent":0,"menu_order":0,"comment_status":"closed","ping_status":"closed","template":"","meta":{"_acf_changed":false,"_et_pb_use_builder":"on","_et_pb_old_content":"","_et_gb_content_width":"","footnotes":""},"class_list":["post-988","page","type-page","status-publish","hentry"],"acf":[],"jetpack_sharing_enabled":true,"_links":{"self":[{"href":"https:\/\/sanjuanpabloii.archimadrid.es\/index.php?rest_route=\/wp\/v2\/pages\/988","targetHints":{"allow":["GET"]}}],"collection":[{"href":"https:\/\/sanjuanpabloii.archimadrid.es\/index.php?rest_route=\/wp\/v2\/pages"}],"about":[{"href":"https:\/\/sanjuanpabloii.archimadrid.es\/index.php?rest_route=\/wp\/v2\/types\/page"}],"author":[{"embeddable":true,"href":"https:\/\/sanjuanpabloii.archimadrid.es\/index.php?rest_route=\/wp\/v2\/users\/1"}],"replies":[{"embeddable":true,"href":"https:\/\/sanjuanpabloii.archimadrid.es\/index.php?rest_route=%2Fwp%2Fv2%2Fcomments&post=988"}],"version-history":[{"count":25,"href":"https:\/\/sanjuanpabloii.archimadrid.es\/index.php?rest_route=\/wp\/v2\/pages\/988\/revisions"}],"predecessor-version":[{"id":1064,"href":"https:\/\/sanjuanpabloii.archimadrid.es\/index.php?rest_route=\/wp\/v2\/pages\/988\/revisions\/1064"}],"wp:attachment":[{"href":"https:\/\/sanjuanpabloii.archimadrid.es\/index.php?rest_route=%2Fwp%2Fv2%2Fmedia&parent=988"}],"curies":[{"name":"wp","href":"https:\/\/api.w.org\/{rel}","templated":true}]}}